{"id":2266,"date":"2025-03-12T17:24:37","date_gmt":"2025-03-12T20:24:37","guid":{"rendered":"https:\/\/posuel.com.br\/cienciaanimal\/?page_id=2266"},"modified":"2025-03-12T17:31:03","modified_gmt":"2025-03-12T20:31:03","slug":"teses-e-dissertacoes","status":"publish","type":"page","link":"https:\/\/posuel.com.br\/cienciaanimal\/teses-e-dissertacoes\/","title":{"rendered":"Teses e Disserta\u00e7\u00f5es"},"content":{"rendered":"\t\t<div data-elementor-type=\"wp-page\" data-elementor-id=\"2266\" class=\"elementor elementor-2266\" data-elementor-post-type=\"page\">\n\t\t\t\t<div class=\"elementor-element elementor-element-395661bb e-flex e-con-boxed e-con e-parent\" data-id=\"395661bb\" data-element_type=\"container\">\n\t\t\t\t\t<div class=\"e-con-inner\">\n\t\t\t\t<div class=\"elementor-element elementor-element-9ea4f8b uael-heading-align-center elementor-widget elementor-widget-uael-advanced-heading\" data-id=\"9ea4f8b\" data-element_type=\"widget\" data-widget_type=\"uael-advanced-heading.default\">\n\t\t\t\t<div class=\"elementor-widget-container\">\n\t\t\t\t\t\n\t\t<div class=\"uael-module-content uael-heading-wrapper\" data-bg-text=\"Disserta\u00e7\u00f5es...\">\n\t\t\t\t\t\t\n\t\t\t<h1 class=\"uael-heading\">\n\t\t\t\t\t\t\t\t\t\t<span class=\"uael-heading-text elementor-inline-editing uael-size--xl\" data-elementor-setting-key=\"heading_title\" data-elementor-inline-editing-toolbar=\"basic\">Teses e Disserta\u00e7\u00f5es<\/span>\n\t\t\t\t\t\t\t<\/h1>\n\n\t\t\t\n\t\t\t\n\t\t\t\n\t\t\t\t\t\t<\/div>\n\t\t\t\t\t\t<\/div>\n\t\t\t\t<\/div>\n\t\t\t\t<div class=\"elementor-element elementor-element-c3851b9 elementor-widget elementor-widget-text-editor\" data-id=\"c3851b9\" data-element_type=\"widget\" data-widget_type=\"text-editor.default\">\n\t\t\t\t<div class=\"elementor-widget-container\">\n\t\t\t\t\t\t\t\t\t<p>Abaixo voc\u00ea encontra as teses e disserta\u00e7\u00f5es dos cursos de Doutorado e Mestrado em Ci\u00eancia Animal dos \u00faltimos quatro anos. Para acessar o reposit\u00f3rio completo da comunidade do Centro de Ci\u00eancias Agr\u00e1rias (CCA), visite o <a href=\"http:\/\/repositorio.uel.br\/handle\/123456789\/1\">RIUEL \u2013 Reposit\u00f3rio Institucional da UEL.<\/a><\/p>\t\t\t\t\t\t\t\t<\/div>\n\t\t\t\t<\/div>\n\t\t\t\t<div class=\"elementor-element elementor-element-5434442f elementor-widget elementor-widget-search\" data-id=\"5434442f\" data-element_type=\"widget\" data-settings=\"{&quot;submit_trigger&quot;:&quot;click_submit&quot;}\" data-widget_type=\"search.default\">\n\t\t\t\t<div class=\"elementor-widget-container\">\n\t\t\t\t\t\t\t<search class=\"e-search hidden\" role=\"search\">\n\t\t\t<form class=\"e-search-form\" action=\"https:\/\/posuel.com.br\/cienciaanimal\" method=\"get\">\n\n\t\t\t\t\n\t\t\t\t<label class=\"e-search-label\" for=\"search-5434442f\">\n\t\t\t\t\t<span class=\"elementor-screen-only\">\n\t\t\t\t\t\tSearch\t\t\t\t\t<\/span>\n\t\t\t\t\t\t\t\t\t<\/label>\n\n\t\t\t\t<div class=\"e-search-input-wrapper\">\n\t\t\t\t\t<input id=\"search-5434442f\" placeholder=\"Titulo, Autor, Ano, etc...\" class=\"e-search-input\" type=\"search\" name=\"s\" value=\"\" autocomplete=\"on\" role=\"combobox\" aria-autocomplete=\"list\" aria-expanded=\"false\" aria-controls=\"results-5434442f\" aria-haspopup=\"listbox\">\n\t\t\t\t\t<svg aria-hidden=\"true\" class=\"e-font-icon-svg e-fas-times\" viewBox=\"0 0 352 512\" xmlns=\"http:\/\/www.w3.org\/2000\/svg\"><path d=\"M242.72 256l100.07-100.07c12.28-12.28 12.28-32.19 0-44.48l-22.24-22.24c-12.28-12.28-32.19-12.28-44.48 0L176 189.28 75.93 89.21c-12.28-12.28-32.19-12.28-44.48 0L9.21 111.45c-12.28 12.28-12.28 32.19 0 44.48L109.28 256 9.21 356.07c-12.28 12.28-12.28 32.19 0 44.48l22.24 22.24c12.28 12.28 32.2 12.28 44.48 0L176 322.72l100.07 100.07c12.28 12.28 32.2 12.28 44.48 0l22.24-22.24c12.28-12.28 12.28-32.19 0-44.48L242.72 256z\"><\/path><\/svg>\t\t\t\t\t<output id=\"results-5434442f\" class=\"e-search-results\" aria-live=\"polite\" aria-atomic=\"true\" aria-label=\"Results for search\" tabindex=\"0\">\n\t\t\t\t\t<\/output>\n\t\t\t\t<\/div>\n\n\t\t\t\t\n\t\t\t\t<button class=\"e-search-submit  \" type=\"submit\">\n\t\t\t\t\t\n\t\t\t\t\t<span class=\"\">\n\t\t\t\t\t\tBuscar\t\t\t\t\t<\/span>\n\t\t\t\t<\/button>\n\t\t\t\t<input type=\"hidden\" name=\"e_search_query\" value=\"{&quot;posts_per_page&quot;:-1,&quot;post_status&quot;:&quot;publish&quot;,&quot;post_type&quot;:&quot;tese&quot;,&quot;ignore_sticky_posts&quot;:false,&quot;date_query&quot;:[]}\">\n\t\t\t<\/form>\n\t\t<\/search>\n\t\t\t\t\t\t<\/div>\n\t\t\t\t<\/div>\n\t\t\t\t<div class=\"elementor-element elementor-element-23c12684 elementor-grid-2 elementor-grid-tablet-2 elementor-grid-mobile-1 elementor-posts--thumbnail-top elementor-card-shadow-yes elementor-posts__hover-gradient elementor-widget elementor-widget-posts\" data-id=\"23c12684\" data-element_type=\"widget\" data-settings=\"{&quot;cards_columns&quot;:&quot;2&quot;,&quot;pagination_type&quot;:&quot;numbers&quot;,&quot;cards_columns_tablet&quot;:&quot;2&quot;,&quot;cards_columns_mobile&quot;:&quot;1&quot;,&quot;cards_row_gap&quot;:{&quot;unit&quot;:&quot;px&quot;,&quot;size&quot;:35,&quot;sizes&quot;:[]},&quot;cards_row_gap_tablet&quot;:{&quot;unit&quot;:&quot;px&quot;,&quot;size&quot;:&quot;&quot;,&quot;sizes&quot;:[]},&quot;cards_row_gap_mobile&quot;:{&quot;unit&quot;:&quot;px&quot;,&quot;size&quot;:&quot;&quot;,&quot;sizes&quot;:[]}}\" data-widget_type=\"posts.cards\">\n\t\t\t\t<div class=\"elementor-widget-container\">\n\t\t\t\t\t\t\t<div class=\"elementor-posts-container elementor-posts elementor-posts--skin-cards elementor-grid\">\n\t\t\t\t<article class=\"elementor-post elementor-grid-item post-2292 tese type-tese status-publish hentry origem-doutorado\">\n\t\t\t<div class=\"elementor-post__card\">\n\t\t\t\t<div class=\"elementor-post__text\">\n\t\t\t\t<h4 class=\"elementor-post__title\">\n\t\t\t<a href=\"https:\/\/posuel.com.br\/cienciaanimal\/teses\/titulo-biomarcadores-da-doenca-renal-cronica-de-ocorrencia-natural-em-caes-e-efeitos-pre-analiticos-na-hemogasometria\/\" >\n\t\t\t\tTitulo: Biomarcadores da Doen\u00e7a Renal Cr\u00f4nica de ocorr\u00eancia natural em c\u00e3es e efeitos pr\u00e9-anal\u00edticos na hemogasometria.\t\t\t<\/a>\n\t\t<\/h4>\n\t\t\t\t<div class=\"elementor-post__excerpt\">\n\t\t\t<p>Bordini, Carolina Grecco Grano 2024. Link Download: https:\/\/repositorio.uel.br\/bitstreams\/a5321813-163d-4848-92d3-90b25306ee94\/download &nbsp; Esta Tese compreende dois estudos. O primeiro investiga biomarcadores s\u00e9ricos e<\/p>\n\t\t<\/div>\n\t\t\t\t<\/div>\n\t\t\t\t\t<\/div>\n\t\t<\/article>\n\t\t\t\t<article class=\"elementor-post elementor-grid-item post-2291 tese type-tese status-publish hentry origem-doutorado\">\n\t\t\t<div class=\"elementor-post__card\">\n\t\t\t\t<div class=\"elementor-post__text\">\n\t\t\t\t<h4 class=\"elementor-post__title\">\n\t\t\t<a href=\"https:\/\/posuel.com.br\/cienciaanimal\/teses\/titulo-relacao-da-concentracao-da-proakap4-em-espermatozoides-ejaculados-e-epididimarios-criopreservados-de-felinos-domesticos-felis-silvestris-catus-e-avaliacao-da-metilacao-do-dna-em-espermatozoi\/\" >\n\t\t\t\tTitulo: Rela\u00e7\u00e3o da concentra\u00e7\u00e3o da proAKAP4 em espermatozoides ejaculados e epididim\u00e1rios criopreservados de felinos dom\u00e9sticos (Felis silvestris catus) e avalia\u00e7\u00e3o da metila\u00e7\u00e3o do DNA em espermatozoides criopreservados de til\u00e1pia do Nilo (Oreochromis niloticus).\t\t\t<\/a>\n\t\t<\/h4>\n\t\t\t\t<div class=\"elementor-post__excerpt\">\n\t\t\t<p>Hidalgo, Myrian Megumy Tsunokawa 2024. Link Download: PDF_Bloqueado &nbsp; Dois estudos foram conduzidos para investigar a import\u00e2ncia da qualidade dos<\/p>\n\t\t<\/div>\n\t\t\t\t<\/div>\n\t\t\t\t\t<\/div>\n\t\t<\/article>\n\t\t\t\t<article class=\"elementor-post elementor-grid-item post-2290 tese type-tese status-publish hentry origem-doutorado\">\n\t\t\t<div class=\"elementor-post__card\">\n\t\t\t\t<div class=\"elementor-post__text\">\n\t\t\t\t<h4 class=\"elementor-post__title\">\n\t\t\t<a href=\"https:\/\/posuel.com.br\/cienciaanimal\/teses\/titulo-estrategias-para-promover-a-saude-intestinal-em-frangos-de-corte\/\" >\n\t\t\t\tTitulo: Estrat\u00e9gias para promover a sa\u00fade intestinal em frangos de corte\t\t\t<\/a>\n\t\t<\/h4>\n\t\t\t\t<div class=\"elementor-post__excerpt\">\n\t\t\t<p>Souza, Marielen de 2024. Link Download: https:\/\/repositorio.uel.br\/bitstreams\/8162e5d1-d267-4716-8b1c-ce57508930b6\/download &nbsp; A sa\u00fade intestinal influencia significativamente o bem-estar animal, o desempenho e a<\/p>\n\t\t<\/div>\n\t\t\t\t<\/div>\n\t\t\t\t\t<\/div>\n\t\t<\/article>\n\t\t\t\t<article class=\"elementor-post elementor-grid-item post-2289 tese type-tese status-publish hentry origem-doutorado\">\n\t\t\t<div class=\"elementor-post__card\">\n\t\t\t\t<div class=\"elementor-post__text\">\n\t\t\t\t<h4 class=\"elementor-post__title\">\n\t\t\t<a href=\"https:\/\/posuel.com.br\/cienciaanimal\/teses\/titulo-imunomoduladores-contra-bacterioses-em-tilapias-avaliacao-de-acidos-organicos-contra-francisella-orientalis-e-determinacao-de-potencial-probiotico-de-cepas-contra-streptococcus-agalactiae\/\" >\n\t\t\t\tTitulo: Imunomoduladores contra bacterioses em  til\u00e1pias: avalia\u00e7\u00e3o de \u00e1cidos org\u00e2nicos contra Francisella  orientalis e determina\u00e7\u00e3o de potencial probi\u00f3tico  de cepas contra Streptococcus agalactiae\t\t\t<\/a>\n\t\t<\/h4>\n\t\t\t\t<div class=\"elementor-post__excerpt\">\n\t\t\t<p>Silva, Vanessa Gomes da 2023. Link Download: https:\/\/repositorio.uel.br\/bitstreams\/a975be15-56be-4e96-bf5c-0e77f6d432dd\/download &nbsp; A aquicultura tornou-se um dos setores mais proeminentes do agroneg\u00f3cio mundial.<\/p>\n\t\t<\/div>\n\t\t\t\t<\/div>\n\t\t\t\t\t<\/div>\n\t\t<\/article>\n\t\t\t\t<article class=\"elementor-post elementor-grid-item post-2288 tese type-tese status-publish hentry origem-doutorado\">\n\t\t\t<div class=\"elementor-post__card\">\n\t\t\t\t<div class=\"elementor-post__text\">\n\t\t\t\t<h4 class=\"elementor-post__title\">\n\t\t\t<a href=\"https:\/\/posuel.com.br\/cienciaanimal\/teses\/titulo-transplante-de-microbiota-fecal-no-tratamento-de-caes-com-diarreia\/\" >\n\t\t\t\tTitulo: Transplante de microbiota fecal no tratamento de c\u00e3es com diarreia\t\t\t<\/a>\n\t\t<\/h4>\n\t\t\t\t<div class=\"elementor-post__excerpt\">\n\t\t\t<p>Pereira, Giorgio Queiroz 2023. Link Download: https:\/\/repositorio.uel.br\/bitstreams\/1ccfa34e-caec-45be-8183-8b08b750df8e\/download &nbsp; A diarreia \u00e9 uma manifesta\u00e7\u00e3o cl\u00ednica comum em c\u00e3es, sendo a gastrenterite<\/p>\n\t\t<\/div>\n\t\t\t\t<\/div>\n\t\t\t\t\t<\/div>\n\t\t<\/article>\n\t\t\t\t<article class=\"elementor-post elementor-grid-item post-2287 tese type-tese status-publish hentry origem-doutorado\">\n\t\t\t<div class=\"elementor-post__card\">\n\t\t\t\t<div class=\"elementor-post__text\">\n\t\t\t\t<h4 class=\"elementor-post__title\">\n\t\t\t<a href=\"https:\/\/posuel.com.br\/cienciaanimal\/teses\/titulo-liquido-cerebroespinhal-de-ruminantes-conservacao-estabilidade-e-validacao\/\" >\n\t\t\t\tTitulo: L\u00edquido cerebroespinhal de ruminantes: conserva\u00e7\u00e3o, estabilidade e valida\u00e7\u00e3o\t\t\t<\/a>\n\t\t<\/h4>\n\t\t\t\t<div class=\"elementor-post__excerpt\">\n\t\t\t<p>Curti, Juliana Massitel 2022. Link Download: https:\/\/repositorio.uel.br\/bitstreams\/80b3c668-385a-4b04-8caf-77e53614e91a\/download &nbsp; A an\u00e1lise do l\u00edquido cerebroespinhal (LCE) traz informa\u00e7\u00f5es importantes ao cl\u00ednico como<\/p>\n\t\t<\/div>\n\t\t\t\t<\/div>\n\t\t\t\t\t<\/div>\n\t\t<\/article>\n\t\t\t\t<article class=\"elementor-post elementor-grid-item post-2286 tese type-tese status-publish hentry origem-doutorado\">\n\t\t\t<div class=\"elementor-post__card\">\n\t\t\t\t<div class=\"elementor-post__text\">\n\t\t\t\t<h4 class=\"elementor-post__title\">\n\t\t\t<a href=\"https:\/\/posuel.com.br\/cienciaanimal\/teses\/titulo-piroplasmose-e-hemoplasmose-em-ovinos-do-norte-do-parana\/\" >\n\t\t\t\tTitulo: Piroplasmose e hemoplasmose em ovinos do norte do Paran\u00e1\t\t\t<\/a>\n\t\t<\/h4>\n\t\t\t\t<div class=\"elementor-post__excerpt\">\n\t\t\t<p>Abate, Hugo Luca 2022. Link Download: https:\/\/repositorio.uel.br\/bitstreams\/2db9f85c-af55-4831-b2ba-c18e845c0304\/download &nbsp; As hemoparasitoses ovinas s\u00e3o causadas por v\u00e1rios microrganismos, entre eles est\u00e3o os<\/p>\n\t\t<\/div>\n\t\t\t\t<\/div>\n\t\t\t\t\t<\/div>\n\t\t<\/article>\n\t\t\t\t<article class=\"elementor-post elementor-grid-item post-2285 tese type-tese status-publish hentry origem-doutorado\">\n\t\t\t<div class=\"elementor-post__card\">\n\t\t\t\t<div class=\"elementor-post__text\">\n\t\t\t\t<h4 class=\"elementor-post__title\">\n\t\t\t<a href=\"https:\/\/posuel.com.br\/cienciaanimal\/teses\/titulo-uso-de-silagem-de-grao-de-milho-reidratado-com-soro-de-leite-na-alimentacao-de-leitoes-desmamados\/\" >\n\t\t\t\tTitulo: Uso de silagem de gr\u00e3o de milho reidratado com soro de leite na alimenta\u00e7\u00e3o de leit\u00f5es desmamados\t\t\t<\/a>\n\t\t<\/h4>\n\t\t\t\t<div class=\"elementor-post__excerpt\">\n\t\t\t<p>Zanin, Ediane 2022. Link Download: https:\/\/repositorio.uel.br\/bitstreams\/ffe07d07-29ea-493a-98af-ac7b66d18fa2\/download &nbsp; Resumo: Leit\u00f5es desmamados necessitam de dietas que assegurem seu desempenho zoot\u00e9cnico e estimulem<\/p>\n\t\t<\/div>\n\t\t\t\t<\/div>\n\t\t\t\t\t<\/div>\n\t\t<\/article>\n\t\t\t\t<\/div>\n\t\t\n\t\t\t\t<div class=\"e-load-more-anchor\" data-page=\"1\" data-max-page=\"5\" data-next-page=\"https:\/\/posuel.com.br\/cienciaanimal\/wp-json\/wp\/v2\/pages\/2266\/page\/2\/\"><\/div>\n\t\t\t\t<nav class=\"elementor-pagination\" aria-label=\"Pagination\">\n\t\t\t<span aria-current=\"page\" class=\"page-numbers current\"><span class=\"elementor-screen-only\">Page<\/span>1<\/span>\n<a class=\"page-numbers\" href=\"https:\/\/posuel.com.br\/cienciaanimal\/wp-json\/wp\/v2\/pages\/2266\/page\/2\/\"><span class=\"elementor-screen-only\">Page<\/span>2<\/a>\n<a class=\"page-numbers\" href=\"https:\/\/posuel.com.br\/cienciaanimal\/wp-json\/wp\/v2\/pages\/2266\/page\/3\/\"><span class=\"elementor-screen-only\">Page<\/span>3<\/a>\n<a class=\"page-numbers\" href=\"https:\/\/posuel.com.br\/cienciaanimal\/wp-json\/wp\/v2\/pages\/2266\/page\/4\/\"><span class=\"elementor-screen-only\">Page<\/span>4<\/a>\n<a class=\"page-numbers\" href=\"https:\/\/posuel.com.br\/cienciaanimal\/wp-json\/wp\/v2\/pages\/2266\/page\/5\/\"><span class=\"elementor-screen-only\">Page<\/span>5<\/a>\t\t<\/nav>\n\t\t\t\t\t\t<\/div>\n\t\t\t\t<\/div>\n\t\t\t\t\t<\/div>\n\t\t\t\t<\/div>\n\t\t\t\t<\/div>\n\t\t","protected":false},"excerpt":{"rendered":"<p>Teses e Disserta\u00e7\u00f5es Abaixo voc\u00ea encontra as teses e disserta\u00e7\u00f5es dos cursos de Doutorado e Mestrado em Ci\u00eancia Animal dos [&hellip;]<\/p>\n","protected":false},"author":1,"featured_media":0,"parent":0,"menu_order":0,"comment_status":"closed","ping_status":"closed","template":"","meta":{"site-sidebar-layout":"no-sidebar","site-content-layout":"","ast-site-content-layout":"full-width-container","site-content-style":"default","site-sidebar-style":"default","ast-global-header-display":"","ast-banner-title-visibility":"","ast-main-header-display":"","ast-hfb-above-header-display":"","ast-hfb-below-header-display":"","ast-hfb-mobile-header-display":"","site-post-title":"disabled","ast-breadcrumbs-content":"","ast-featured-img":"disabled","footer-sml-layout":"","theme-transparent-header-meta":"","adv-header-id-meta":"","stick-header-meta":"","header-above-stick-meta":"","header-main-stick-meta":"","header-below-stick-meta":"","astra-migrate-meta-layouts":"default","ast-page-background-enabled":"default","ast-page-background-meta":{"desktop":{"background-color":"var(--ast-global-color-4)","background-image":"","background-repeat":"repeat","background-position":"center center","background-size":"auto","background-attachment":"scroll","background-type":"","background-media":"","overlay-type":"","overlay-color":"","overlay-opacity":"","overlay-gradient":""},"tablet":{"background-color":"","background-image":"","background-repeat":"repeat","background-position":"center center","background-size":"auto","background-attachment":"scroll","background-type":"","background-media":"","overlay-type":"","overlay-color":"","overlay-opacity":"","overlay-gradient":""},"mobile":{"background-color":"","background-image":"","background-repeat":"repeat","background-position":"center center","background-size":"auto","background-attachment":"scroll","background-type":"","background-media":"","overlay-type":"","overlay-color":"","overlay-opacity":"","overlay-gradient":""}},"ast-content-background-meta":{"desktop":{"background-color":"var(--ast-global-color-5)","background-image":"","background-repeat":"repeat","background-position":"center center","background-size":"auto","background-attachment":"scroll","background-type":"","background-media":"","overlay-type":"","overlay-color":"","overlay-opacity":"","overlay-gradient":""},"tablet":{"background-color":"var(--ast-global-color-5)","background-image":"","background-repeat":"repeat","background-position":"center center","background-size":"auto","background-attachment":"scroll","background-type":"","background-media":"","overlay-type":"","overlay-color":"","overlay-opacity":"","overlay-gradient":""},"mobile":{"background-color":"var(--ast-global-color-5)","background-image":"","background-repeat":"repeat","background-position":"center center","background-size":"auto","background-attachment":"scroll","background-type":"","background-media":"","overlay-type":"","overlay-color":"","overlay-opacity":"","overlay-gradient":""}},"footnotes":""},"class_list":["post-2266","page","type-page","status-publish","hentry"],"_links":{"self":[{"href":"https:\/\/posuel.com.br\/cienciaanimal\/wp-json\/wp\/v2\/pages\/2266","targetHints":{"allow":["GET"]}}],"collection":[{"href":"https:\/\/posuel.com.br\/cienciaanimal\/wp-json\/wp\/v2\/pages"}],"about":[{"href":"https:\/\/posuel.com.br\/cienciaanimal\/wp-json\/wp\/v2\/types\/page"}],"author":[{"embeddable":true,"href":"https:\/\/posuel.com.br\/cienciaanimal\/wp-json\/wp\/v2\/users\/1"}],"replies":[{"embeddable":true,"href":"https:\/\/posuel.com.br\/cienciaanimal\/wp-json\/wp\/v2\/comments?post=2266"}],"version-history":[{"count":4,"href":"https:\/\/posuel.com.br\/cienciaanimal\/wp-json\/wp\/v2\/pages\/2266\/revisions"}],"predecessor-version":[{"id":2274,"href":"https:\/\/posuel.com.br\/cienciaanimal\/wp-json\/wp\/v2\/pages\/2266\/revisions\/2274"}],"wp:attachment":[{"href":"https:\/\/posuel.com.br\/cienciaanimal\/wp-json\/wp\/v2\/media?parent=2266"}],"curies":[{"name":"wp","href":"https:\/\/api.w.org\/{rel}","templated":true}]}}