{"id":2342,"date":"2025-03-11T13:46:49","date_gmt":"2025-03-11T16:46:49","guid":{"rendered":"https:\/\/posuel.com.br\/pgagro\/?page_id=2342"},"modified":"2025-03-12T09:25:32","modified_gmt":"2025-03-12T12:25:32","slug":"elementor-2342","status":"publish","type":"page","link":"https:\/\/posuel.com.br\/pgagro\/","title":{"rendered":"Teses e Disserta\u00e7\u00f5es"},"content":{"rendered":"\t\t<div data-elementor-type=\"wp-page\" data-elementor-id=\"2342\" class=\"elementor elementor-2342\" data-elementor-post-type=\"page\">\n\t\t\t\t<div class=\"elementor-element elementor-element-31b94a3 e-flex e-con-boxed e-con e-parent\" data-id=\"31b94a3\" data-element_type=\"container\">\n\t\t\t\t\t<div class=\"e-con-inner\">\n\t\t<div class=\"elementor-element elementor-element-50d4810 e-con-full e-flex e-con e-child\" data-id=\"50d4810\" data-element_type=\"container\">\n\t\t\t\t<div class=\"elementor-element elementor-element-b07e6c4 elementor-widget__width-initial elementor-widget elementor-widget-image\" data-id=\"b07e6c4\" data-element_type=\"widget\" data-widget_type=\"image.default\">\n\t\t\t\t<div class=\"elementor-widget-container\">\n\t\t\t\t\t\t\t\t\t\t\t\t\t\t\t\t<a href=\"https:\/\/pos.uel.br\/pgagro\/\">\n\t\t\t\t\t\t\t<img decoding=\"async\" width=\"102\" height=\"100\" src=\"https:\/\/posuel.com.br\/pgagro\/wp-content\/uploads\/sites\/3\/2021\/06\/uel.png\" class=\"attachment-large size-large wp-image-218\" alt=\"\" \/>\t\t\t\t\t\t\t\t<\/a>\n\t\t\t\t\t\t\t\t\t\t\t\t\t\t\t<\/div>\n\t\t\t\t<\/div>\n\t\t\t\t<div class=\"elementor-element elementor-element-ea594af elementor-widget__width-initial elementor-widget elementor-widget-image\" data-id=\"ea594af\" data-element_type=\"widget\" data-widget_type=\"image.default\">\n\t\t\t\t<div class=\"elementor-widget-container\">\n\t\t\t\t\t\t\t\t\t\t\t\t\t\t\t\t<a href=\"https:\/\/pos.uel.br\/pgagro\/\">\n\t\t\t\t\t\t\t<img fetchpriority=\"high\" decoding=\"async\" width=\"472\" height=\"115\" src=\"https:\/\/posuel.com.br\/pgagro\/wp-content\/uploads\/sites\/3\/2025\/03\/DSC_LogoPGAGRO.png\" class=\"attachment-large size-large wp-image-2489\" alt=\"\" srcset=\"https:\/\/posuel.com.br\/pgagro\/wp-content\/uploads\/sites\/3\/2025\/03\/DSC_LogoPGAGRO.png 472w, https:\/\/posuel.com.br\/pgagro\/wp-content\/uploads\/sites\/3\/2025\/03\/DSC_LogoPGAGRO-300x73.png 300w\" sizes=\"(max-width: 472px) 100vw, 472px\" \/>\t\t\t\t\t\t\t\t<\/a>\n\t\t\t\t\t\t\t\t\t\t\t\t\t\t\t<\/div>\n\t\t\t\t<\/div>\n\t\t\t\t<div class=\"elementor-element elementor-element-c75d15a elementor-widget__width-initial elementor-widget elementor-widget-image\" data-id=\"c75d15a\" data-element_type=\"widget\" data-widget_type=\"image.default\">\n\t\t\t\t<div class=\"elementor-widget-container\">\n\t\t\t\t\t\t\t\t\t\t\t\t\t\t\t\t<a href=\"https:\/\/pos.uel.br\/pgagro\/\">\n\t\t\t\t\t\t\t<img decoding=\"async\" width=\"385\" height=\"115\" src=\"https:\/\/posuel.com.br\/pgagro\/wp-content\/uploads\/sites\/3\/2025\/03\/centroCAgro1.png\" class=\"attachment-large size-large wp-image-2492\" alt=\"\" srcset=\"https:\/\/posuel.com.br\/pgagro\/wp-content\/uploads\/sites\/3\/2025\/03\/centroCAgro1.png 385w, https:\/\/posuel.com.br\/pgagro\/wp-content\/uploads\/sites\/3\/2025\/03\/centroCAgro1-300x90.png 300w\" sizes=\"(max-width: 385px) 100vw, 385px\" \/>\t\t\t\t\t\t\t\t<\/a>\n\t\t\t\t\t\t\t\t\t\t\t\t\t\t\t<\/div>\n\t\t\t\t<\/div>\n\t\t\t\t<\/div>\n\t\t\t\t<div class=\"elementor-element elementor-element-ea79557 uael-heading-align-center elementor-widget elementor-widget-uael-advanced-heading\" data-id=\"ea79557\" data-element_type=\"widget\" data-widget_type=\"uael-advanced-heading.default\">\n\t\t\t\t<div class=\"elementor-widget-container\">\n\t\t\t\t\t\n\t\t<div class=\"uael-module-content uael-heading-wrapper\" data-bg-text=\"Disserta\u00e7\u00f5es...\">\n\t\t\t\t\t\t\n\t\t\t<h1 class=\"uael-heading\">\n\t\t\t\t\t\t\t\t\t\t<span class=\"uael-heading-text elementor-inline-editing uael-size--xl\" data-elementor-setting-key=\"heading_title\" data-elementor-inline-editing-toolbar=\"basic\">Teses e Disserta\u00e7\u00f5es<\/span>\n\t\t\t\t\t\t\t<\/h1>\n\n\t\t\t\n\t\t\t\n\t\t\t\n\t\t\t\t\t\t<\/div>\n\t\t\t\t\t\t<\/div>\n\t\t\t\t<\/div>\n\t\t\t\t<div class=\"elementor-element elementor-element-8b8966f elementor-widget elementor-widget-text-editor\" data-id=\"8b8966f\" data-element_type=\"widget\" data-widget_type=\"text-editor.default\">\n\t\t\t\t<div class=\"elementor-widget-container\">\n\t\t\t\t\t\t\t\t\t<p data-start=\"82\" data-end=\"201\"><strong data-start=\"82\" data-end=\"201\">Abaixo voc\u00ea encontra as teses e disserta\u00e7\u00f5es dos cursos de Doutorado e Mestrado em Agronomia dos \u00faltimos quatro anos.<\/strong><\/p><p data-start=\"203\" data-end=\"350\">Para acessar o reposit\u00f3rio completo da comunidade do <strong data-start=\"256\" data-end=\"293\">Centro de Ci\u00eancias Agr\u00e1rias (CCA)<\/strong>, visite o <a href=\"http:\/\/repositorio.uel.br\/handle\/123456789\/1\" rel=\"noopener\" data-start=\"304\" data-end=\"349\">RIUEL \u2013 Reposit\u00f3rio Institucional da UEL<\/a>.<\/p>\t\t\t\t\t\t\t\t<\/div>\n\t\t\t\t<\/div>\n\t\t\t\t<div class=\"elementor-element elementor-element-9ca5721 elementor-widget elementor-widget-search\" data-id=\"9ca5721\" data-element_type=\"widget\" data-settings=\"{&quot;submit_trigger&quot;:&quot;click_submit&quot;}\" data-widget_type=\"search.default\">\n\t\t\t\t<div class=\"elementor-widget-container\">\n\t\t\t\t\t\t\t<search class=\"e-search hidden\" role=\"search\">\n\t\t\t<form class=\"e-search-form\" action=\"https:\/\/posuel.com.br\/pgagro\" method=\"get\">\n\n\t\t\t\t\n\t\t\t\t<label class=\"e-search-label\" for=\"search-9ca5721\">\n\t\t\t\t\t<span class=\"elementor-screen-only\">\n\t\t\t\t\t\tSearch\t\t\t\t\t<\/span>\n\t\t\t\t\t\t\t\t\t<\/label>\n\n\t\t\t\t<div class=\"e-search-input-wrapper\">\n\t\t\t\t\t<input id=\"search-9ca5721\" placeholder=\"Titulo, Autor, Ano, etc...\" class=\"e-search-input\" type=\"search\" name=\"s\" value=\"\" autocomplete=\"on\" role=\"combobox\" aria-autocomplete=\"list\" aria-expanded=\"false\" aria-controls=\"results-9ca5721\" aria-haspopup=\"listbox\">\n\t\t\t\t\t<svg aria-hidden=\"true\" class=\"e-font-icon-svg e-fas-times\" viewBox=\"0 0 352 512\" xmlns=\"http:\/\/www.w3.org\/2000\/svg\"><path d=\"M242.72 256l100.07-100.07c12.28-12.28 12.28-32.19 0-44.48l-22.24-22.24c-12.28-12.28-32.19-12.28-44.48 0L176 189.28 75.93 89.21c-12.28-12.28-32.19-12.28-44.48 0L9.21 111.45c-12.28 12.28-12.28 32.19 0 44.48L109.28 256 9.21 356.07c-12.28 12.28-12.28 32.19 0 44.48l22.24 22.24c12.28 12.28 32.2 12.28 44.48 0L176 322.72l100.07 100.07c12.28 12.28 32.2 12.28 44.48 0l22.24-22.24c12.28-12.28 12.28-32.19 0-44.48L242.72 256z\"><\/path><\/svg>\t\t\t\t\t<output id=\"results-9ca5721\" class=\"e-search-results\" aria-live=\"polite\" aria-atomic=\"true\" aria-label=\"Results for search\" tabindex=\"0\">\n\t\t\t\t\t<\/output>\n\t\t\t\t<\/div>\n\n\t\t\t\t\n\t\t\t\t<button class=\"e-search-submit  \" type=\"submit\">\n\t\t\t\t\t\n\t\t\t\t\t<span class=\"\">\n\t\t\t\t\t\tBuscar\t\t\t\t\t<\/span>\n\t\t\t\t<\/button>\n\t\t\t\t<input type=\"hidden\" name=\"e_search_query\" value=\"{&quot;posts_per_page&quot;:-1,&quot;post_status&quot;:&quot;publish&quot;,&quot;post_type&quot;:&quot;tese&quot;,&quot;ignore_sticky_posts&quot;:false,&quot;date_query&quot;:[]}\">\n\t\t\t<\/form>\n\t\t<\/search>\n\t\t\t\t\t\t<\/div>\n\t\t\t\t<\/div>\n\t\t\t\t<div class=\"elementor-element elementor-element-c35ea09 elementor-grid-2 elementor-grid-tablet-2 elementor-grid-mobile-1 elementor-posts--thumbnail-top elementor-card-shadow-yes elementor-posts__hover-gradient elementor-widget elementor-widget-posts\" data-id=\"c35ea09\" data-element_type=\"widget\" data-settings=\"{&quot;cards_columns&quot;:&quot;2&quot;,&quot;pagination_type&quot;:&quot;numbers&quot;,&quot;cards_columns_tablet&quot;:&quot;2&quot;,&quot;cards_columns_mobile&quot;:&quot;1&quot;,&quot;cards_row_gap&quot;:{&quot;unit&quot;:&quot;px&quot;,&quot;size&quot;:35,&quot;sizes&quot;:[]},&quot;cards_row_gap_tablet&quot;:{&quot;unit&quot;:&quot;px&quot;,&quot;size&quot;:&quot;&quot;,&quot;sizes&quot;:[]},&quot;cards_row_gap_mobile&quot;:{&quot;unit&quot;:&quot;px&quot;,&quot;size&quot;:&quot;&quot;,&quot;sizes&quot;:[]}}\" data-widget_type=\"posts.cards\">\n\t\t\t\t<div class=\"elementor-widget-container\">\n\t\t\t\t\t\t\t<div class=\"elementor-posts-container elementor-posts elementor-posts--skin-cards elementor-grid\">\n\t\t\t\t<article class=\"elementor-post elementor-grid-item post-2274 tese type-tese status-publish hentry origem-doutorado\">\n\t\t\t<div class=\"elementor-post__card\">\n\t\t\t\t<div class=\"elementor-post__text\">\n\t\t\t\t<h4 class=\"elementor-post__title\">\n\t\t\t<a href=\"https:\/\/posuel.com.br\/pgagro\/teses\/caracterizacao-de-linhagens-de-tomateiro-portadores-de-alelos-de-amadurecimento-e-coloracao\/\" >\n\t\t\t\tCaracteriza\u00e7\u00e3o de linhagens de tomateiro portadores de alelos de amadurecimento e colora\u00e7\u00e3o\t\t\t<\/a>\n\t\t<\/h4>\n\t\t\t\t<div class=\"elementor-post__excerpt\">\n\t\t\t<p>Diniz, Fl\u00e1via Cristina Panizzon 2024. Link Download: https:\/\/repositorio.uel.br\/bitstreams\/86084408-61f6-463e-9aee-821664d9a585\/download &nbsp; A perecebilidade dos frutos de tomateiro associada a inefici\u00eancia de armazenamento,<\/p>\n\t\t<\/div>\n\t\t\t\t<\/div>\n\t\t\t\t\t<\/div>\n\t\t<\/article>\n\t\t\t\t<article class=\"elementor-post elementor-grid-item post-2273 tese type-tese status-publish hentry origem-doutorado\">\n\t\t\t<div class=\"elementor-post__card\">\n\t\t\t\t<div class=\"elementor-post__text\">\n\t\t\t\t<h4 class=\"elementor-post__title\">\n\t\t\t<a href=\"https:\/\/posuel.com.br\/pgagro\/teses\/producao-de-linhagens-duplo-haploides-em-milho-superdoce-com-o-uso-de-indutores-cim2gtails\/\" >\n\t\t\t\tProdu\u00e7\u00e3o de linhagens duplo-haploides em milho superdoce com o uso de indutores CIM2GTAIL\u2019s\t\t\t<\/a>\n\t\t<\/h4>\n\t\t\t\t<div class=\"elementor-post__excerpt\">\n\t\t\t<p>Duarte, Iran de Azevedo 2024. Link Download: https:\/\/repositorio.uel.br\/bitstreams\/cf76c7ac-ef81-4dff-81ac-8ebafab20540\/download &nbsp; A tecnologia de duplo-haploides (DH) est\u00e1 bem estabelecida em ambiente temperado,<\/p>\n\t\t<\/div>\n\t\t\t\t<\/div>\n\t\t\t\t\t<\/div>\n\t\t<\/article>\n\t\t\t\t<article class=\"elementor-post elementor-grid-item post-2272 tese type-tese status-publish hentry origem-doutorado\">\n\t\t\t<div class=\"elementor-post__card\">\n\t\t\t\t<div class=\"elementor-post__text\">\n\t\t\t\t<h4 class=\"elementor-post__title\">\n\t\t\t<a href=\"https:\/\/posuel.com.br\/pgagro\/teses\/temperatura-e-acido-giberelico-no-potencial-fisiologico-de-sementes-de-bromelias-brasileiras-do-genero-dyckia\/\" >\n\t\t\t\tTemperatura e \u00e1cido giber\u00e9lico no potencial fisiol\u00f3gico de sementes de brom\u00e9lias brasileiras do g\u00eanero Dyckia\t\t\t<\/a>\n\t\t<\/h4>\n\t\t\t\t<div class=\"elementor-post__excerpt\">\n\t\t\t<p>Ribeiro J\u00fanior, Walter Aparecido 2024. Link Download: https:\/\/repositorio.uel.br\/bitstreams\/7d80612c-6541-4769-9e57-9cd93b560d2b\/download &nbsp; As brom\u00e9lias desempenham um importante papel na biodiversidade dos ecossistemas brasileiros,<\/p>\n\t\t<\/div>\n\t\t\t\t<\/div>\n\t\t\t\t\t<\/div>\n\t\t<\/article>\n\t\t\t\t<article class=\"elementor-post elementor-grid-item post-2271 tese type-tese status-publish hentry origem-doutorado\">\n\t\t\t<div class=\"elementor-post__card\">\n\t\t\t\t<div class=\"elementor-post__text\">\n\t\t\t\t<h4 class=\"elementor-post__title\">\n\t\t\t<a href=\"https:\/\/posuel.com.br\/pgagro\/teses\/dinamica-do-mercado-de-terras-agricolas-no-brasil\/\" >\n\t\t\t\tDin\u00e2mica do mercado de terras agr\u00edcolas no Brasil.\t\t\t<\/a>\n\t\t<\/h4>\n\t\t\t\t<div class=\"elementor-post__excerpt\">\n\t\t\t<p>Volsi, Bruno 2024. Link Download: https:\/\/repositorio.uel.br\/bitstreams\/d4367ad8-88f8-416d-b36a-7e2038825e54\/download &nbsp; A combina\u00e7\u00e3o entre instabilidade econ\u00f4mica e pol\u00edtica no Brasil abriu espa\u00e7o para que<\/p>\n\t\t<\/div>\n\t\t\t\t<\/div>\n\t\t\t\t\t<\/div>\n\t\t<\/article>\n\t\t\t\t<article class=\"elementor-post elementor-grid-item post-2270 tese type-tese status-publish hentry origem-doutorado\">\n\t\t\t<div class=\"elementor-post__card\">\n\t\t\t\t<div class=\"elementor-post__text\">\n\t\t\t\t<h4 class=\"elementor-post__title\">\n\t\t\t<a href=\"https:\/\/posuel.com.br\/pgagro\/teses\/geracao-de-mapas-de-zonas-de-potencial-produtivo-utilizando-dados-de-produtividade-e-sua-relacao-com-variaveis-de-solo\/\" >\n\t\t\t\tGera\u00e7\u00e3o de mapas de zonas de potencial produtivo utilizando dados de produtividade e sua rela\u00e7\u00e3o com vari\u00e1veis de solo\t\t\t<\/a>\n\t\t<\/h4>\n\t\t\t\t<div class=\"elementor-post__excerpt\">\n\t\t\t<p>Santos, Lara Marie Guanais 2024. Link Download: https:\/\/repositorio.uel.br\/bitstreams\/7cebdd92-8b0f-4280-84fd-a86190f5c8b8\/download &nbsp; A defini\u00e7\u00e3o de unidade de gest\u00e3o diferenciada pode ser feita com<\/p>\n\t\t<\/div>\n\t\t\t\t<\/div>\n\t\t\t\t\t<\/div>\n\t\t<\/article>\n\t\t\t\t<article class=\"elementor-post elementor-grid-item post-2269 tese type-tese status-publish hentry origem-doutorado\">\n\t\t\t<div class=\"elementor-post__card\">\n\t\t\t\t<div class=\"elementor-post__text\">\n\t\t\t\t<h4 class=\"elementor-post__title\">\n\t\t\t<a href=\"https:\/\/posuel.com.br\/pgagro\/teses\/modo-de-acao-de-nanoatrazina-em-zea-mays-l-e-plantas-daninhas-suscetiveis-e-tolerantes-ao-herbicida\/\" >\n\t\t\t\tModo de a\u00e7\u00e3o de nanoatrazina em Zea mays L. e plantas daninhas suscet\u00edveis e tolerantes ao herbicida\t\t\t<\/a>\n\t\t<\/h4>\n\t\t\t\t<div class=\"elementor-post__excerpt\">\n\t\t\t<p>Sousa, Bruno Teixeira de 2024. Link Download: https:\/\/repositorio.uel.br\/bitstreams\/3cd6f824-1995-46bd-9ed5-6d4b83e13128\/download &nbsp; O desenvolvimento de nanossistesmas carreadores visa melhorar a aplica\u00e7\u00e3o e disponibiliza\u00e7\u00e3o<\/p>\n\t\t<\/div>\n\t\t\t\t<\/div>\n\t\t\t\t\t<\/div>\n\t\t<\/article>\n\t\t\t\t<article class=\"elementor-post elementor-grid-item post-2268 tese type-tese status-publish hentry origem-doutorado\">\n\t\t\t<div class=\"elementor-post__card\">\n\t\t\t\t<div class=\"elementor-post__text\">\n\t\t\t\t<h4 class=\"elementor-post__title\">\n\t\t\t<a href=\"https:\/\/posuel.com.br\/pgagro\/teses\/pacotes-estatisticos-em-linguagem-r-aplicados-na-pesquisa-e-ensino-na-area-de-ciencias-agrarias\/\" >\n\t\t\t\tPacotes estat\u00edsticos em linguagem R aplicados na pesquisa e ensino na \u00e1rea de ci\u00eancias agr\u00e1rias\t\t\t<\/a>\n\t\t<\/h4>\n\t\t\t\t<div class=\"elementor-post__excerpt\">\n\t\t\t<p>Shimizu, Gabriel Danilo 2024. Link Download: https:\/\/repositorio.uel.br\/bitstreams\/650f8861-4389-496f-adf7-ca1c4a621e33\/download &nbsp; A an\u00e1lise estat\u00edstica \u00e9 uma etapa primordial na pesquisa, pois \u00e9 a<\/p>\n\t\t<\/div>\n\t\t\t\t<\/div>\n\t\t\t\t\t<\/div>\n\t\t<\/article>\n\t\t\t\t<article class=\"elementor-post elementor-grid-item post-2267 tese type-tese status-publish hentry origem-doutorado\">\n\t\t\t<div class=\"elementor-post__card\">\n\t\t\t\t<div class=\"elementor-post__text\">\n\t\t\t\t<h4 class=\"elementor-post__title\">\n\t\t\t<a href=\"https:\/\/posuel.com.br\/pgagro\/teses\/parametros-geneticos-e-valores-genotipicos-para-forca-de-desprendimento-de-frutos-e-caracteres-vegetativos-em-cafe-arabica\/\" >\n\t\t\t\tPar\u00e2metros gen\u00e9ticos e valores genot\u00edpicos para for\u00e7a de desprendimento de frutos e caracteres vegetativos em caf\u00e9 ar\u00e1bica\t\t\t<\/a>\n\t\t<\/h4>\n\t\t\t\t<div class=\"elementor-post__excerpt\">\n\t\t\t<p>Pereira, Carlos Theodoro Motta 2024. Link Download: https:\/\/repositorio.uel.br\/bitstreams\/24f64b39-4c62-4364-856d-98a31431dd56\/download &nbsp; O cultivo de caf\u00e9 \u00e9 uma atividade econ\u00f4mica de grande import\u00e2ncia<\/p>\n\t\t<\/div>\n\t\t\t\t<\/div>\n\t\t\t\t\t<\/div>\n\t\t<\/article>\n\t\t\t\t<\/div>\n\t\t\n\t\t\t\t<div class=\"e-load-more-anchor\" data-page=\"1\" data-max-page=\"9\" data-next-page=\"https:\/\/posuel.com.br\/pgagro\/wp-json\/wp\/v2\/pages\/2342\/page\/2\/\"><\/div>\n\t\t\t\t<nav class=\"elementor-pagination\" aria-label=\"Pagination\">\n\t\t\t<span aria-current=\"page\" class=\"page-numbers current\"><span class=\"elementor-screen-only\">Page<\/span>1<\/span>\n<a class=\"page-numbers\" href=\"https:\/\/posuel.com.br\/pgagro\/wp-json\/wp\/v2\/pages\/2342\/page\/2\/\"><span class=\"elementor-screen-only\">Page<\/span>2<\/a>\n<a class=\"page-numbers\" href=\"https:\/\/posuel.com.br\/pgagro\/wp-json\/wp\/v2\/pages\/2342\/page\/3\/\"><span class=\"elementor-screen-only\">Page<\/span>3<\/a>\n<a class=\"page-numbers\" href=\"https:\/\/posuel.com.br\/pgagro\/wp-json\/wp\/v2\/pages\/2342\/page\/4\/\"><span class=\"elementor-screen-only\">Page<\/span>4<\/a>\n<a class=\"page-numbers\" href=\"https:\/\/posuel.com.br\/pgagro\/wp-json\/wp\/v2\/pages\/2342\/page\/5\/\"><span class=\"elementor-screen-only\">Page<\/span>5<\/a>\t\t<\/nav>\n\t\t\t\t\t\t<\/div>\n\t\t\t\t<\/div>\n\t\t\t\t\t<\/div>\n\t\t\t\t<\/div>\n\t\t\t\t<\/div>\n\t\t","protected":false},"excerpt":{"rendered":"<p>Teses e Disserta\u00e7\u00f5es Abaixo voc\u00ea encontra as teses e disserta\u00e7\u00f5es dos cursos de Doutorado e Mestrado em Agronomia dos \u00faltimos [&hellip;]<\/p>\n","protected":false},"author":1,"featured_media":0,"parent":0,"menu_order":0,"comment_status":"closed","ping_status":"closed","template":"elementor_header_footer","meta":{"site-sidebar-layout":"no-sidebar","site-content-layout":"","ast-site-content-layout":"full-width-container","site-content-style":"default","site-sidebar-style":"default","ast-global-header-display":"","ast-banner-title-visibility":"","ast-main-header-display":"","ast-hfb-above-header-display":"","ast-hfb-below-header-display":"","ast-hfb-mobile-header-display":"","site-post-title":"disabled","ast-breadcrumbs-content":"","ast-featured-img":"disabled","footer-sml-layout":"","theme-transparent-header-meta":"","adv-header-id-meta":"","stick-header-meta":"","header-above-stick-meta":"","header-main-stick-meta":"","header-below-stick-meta":"","astra-migrate-meta-layouts":"default","ast-page-background-enabled":"default","ast-page-background-meta":{"desktop":{"background-color":"var(--ast-global-color-4)","background-image":"","background-repeat":"repeat","background-position":"center center","background-size":"auto","background-attachment":"scroll","background-type":"","background-media":"","overlay-type":"","overlay-color":"","overlay-opacity":"","overlay-gradient":""},"tablet":{"background-color":"","background-image":"","background-repeat":"repeat","background-position":"center center","background-size":"auto","background-attachment":"scroll","background-type":"","background-media":"","overlay-type":"","overlay-color":"","overlay-opacity":"","overlay-gradient":""},"mobile":{"background-color":"","background-image":"","background-repeat":"repeat","background-position":"center center","background-size":"auto","background-attachment":"scroll","background-type":"","background-media":"","overlay-type":"","overlay-color":"","overlay-opacity":"","overlay-gradient":""}},"ast-content-background-meta":{"desktop":{"background-color":"var(--ast-global-color-5)","background-image":"","background-repeat":"repeat","background-position":"center center","background-size":"auto","background-attachment":"scroll","background-type":"","background-media":"","overlay-type":"","overlay-color":"","overlay-opacity":"","overlay-gradient":""},"tablet":{"background-color":"var(--ast-global-color-5)","background-image":"","background-repeat":"repeat","background-position":"center center","background-size":"auto","background-attachment":"scroll","background-type":"","background-media":"","overlay-type":"","overlay-color":"","overlay-opacity":"","overlay-gradient":""},"mobile":{"background-color":"var(--ast-global-color-5)","background-image":"","background-repeat":"repeat","background-position":"center center","background-size":"auto","background-attachment":"scroll","background-type":"","background-media":"","overlay-type":"","overlay-color":"","overlay-opacity":"","overlay-gradient":""}},"footnotes":""},"class_list":["post-2342","page","type-page","status-publish","hentry"],"_links":{"self":[{"href":"https:\/\/posuel.com.br\/pgagro\/wp-json\/wp\/v2\/pages\/2342","targetHints":{"allow":["GET"]}}],"collection":[{"href":"https:\/\/posuel.com.br\/pgagro\/wp-json\/wp\/v2\/pages"}],"about":[{"href":"https:\/\/posuel.com.br\/pgagro\/wp-json\/wp\/v2\/types\/page"}],"author":[{"embeddable":true,"href":"https:\/\/posuel.com.br\/pgagro\/wp-json\/wp\/v2\/users\/1"}],"replies":[{"embeddable":true,"href":"https:\/\/posuel.com.br\/pgagro\/wp-json\/wp\/v2\/comments?post=2342"}],"version-history":[{"count":49,"href":"https:\/\/posuel.com.br\/pgagro\/wp-json\/wp\/v2\/pages\/2342\/revisions"}],"predecessor-version":[{"id":2508,"href":"https:\/\/posuel.com.br\/pgagro\/wp-json\/wp\/v2\/pages\/2342\/revisions\/2508"}],"wp:attachment":[{"href":"https:\/\/posuel.com.br\/pgagro\/wp-json\/wp\/v2\/media?parent=2342"}],"curies":[{"name":"wp","href":"https:\/\/api.w.org\/{rel}","templated":true}]}}